{"id":51139,"date":"2022-01-27T12:42:33","date_gmt":"2022-01-27T12:42:33","guid":{"rendered":"https:\/\/diadem-consulting.com\/join-us\/"},"modified":"2022-06-14T11:27:45","modified_gmt":"2022-06-14T11:27:45","slug":"join-us","status":"publish","type":"page","link":"https:\/\/diadem-consulting.com\/en\/join-us\/","title":{"rendered":"JOIN US"},"content":{"rendered":"<p>[et_pb_section fb_built=&#8221;1&#8243; custom_padding_last_edited=&#8221;on|phone&#8221; _builder_version=&#8221;4.14.7&#8243; _module_preset=&#8221;default&#8221; background_color=&#8221;rgba(0,0,0,0.38)&#8221; background_image=&#8221;https:\/\/diadem-consulting.com\/wp-content\/uploads\/2022\/01\/back_1-blue-4.jpg&#8221; background_blend=&#8221;overlay&#8221; custom_padding=&#8221;0px||0px||true|false&#8221; custom_padding_tablet=&#8221;150px||150px||true|false&#8221; custom_padding_phone=&#8221;100px||100px||true|false&#8221; locked=&#8221;off&#8221; global_colors_info=&#8221;{}&#8221;][et_pb_row use_custom_gutter=&#8221;on&#8221; gutter_width=&#8221;2&#8243; make_equal=&#8221;on&#8221; _builder_version=&#8221;4.14.7&#8243; _module_preset=&#8221;default&#8221; global_colors_info=&#8221;{}&#8221;][et_pb_column type=&#8221;4_4&#8243; _builder_version=&#8221;4.14.7&#8243; _module_preset=&#8221;default&#8221; global_colors_info=&#8221;{}&#8221;][et_pb_text _builder_version=&#8221;4.14.7&#8243; _module_preset=&#8221;default&#8221; text_font=&#8221;Montserrat|300|||||||&#8221; text_text_color=&#8221;#00F8DC&#8221; text_font_size=&#8221;54px&#8221; text_line_height=&#8221;109px&#8221; text_orientation=&#8221;center&#8221; text_font_size_tablet=&#8221;25px&#8221; text_font_size_phone=&#8221;20px&#8221; text_font_size_last_edited=&#8221;on|phone&#8221; text_line_height_tablet=&#8221;109px&#8221; text_line_height_phone=&#8221;49.7px&#8221; text_line_height_last_edited=&#8221;on|phone&#8221; global_colors_info=&#8221;{}&#8221;]JOIN US[\/et_pb_text][\/et_pb_column][\/et_pb_row][\/et_pb_section][et_pb_section fb_built=&#8221;1&#8243; _builder_version=&#8221;4.14.7&#8243; _module_preset=&#8221;default&#8221; global_colors_info=&#8221;{}&#8221;][et_pb_row _builder_version=&#8221;4.14.7&#8243; _module_preset=&#8221;default&#8221; global_colors_info=&#8221;{}&#8221;][et_pb_column type=&#8221;4_4&#8243; _builder_version=&#8221;4.14.7&#8243; _module_preset=&#8221;default&#8221; global_colors_info=&#8221;{}&#8221;][et_pb_text _builder_version=&#8221;4.14.7&#8243; _module_preset=&#8221;default&#8221; text_font=&#8221;Montserrat||||||||&#8221; text_text_color=&#8221;#141414&#8243; text_font_size=&#8221;16px&#8221; text_line_height=&#8221;32px&#8221; global_colors_info=&#8221;{}&#8221;]<\/p>\n<p>As part of our development, we are looking for certified coaches and experienced trainers to strengthen our collective.<\/p>\n<p>[\/et_pb_text][\/et_pb_column][\/et_pb_row][et_pb_row column_structure=&#8221;1_2,1_2&#8243; _builder_version=&#8221;4.14.7&#8243; _module_preset=&#8221;default&#8221; custom_padding=&#8221;1px||5px|||&#8221; global_colors_info=&#8221;{}&#8221;][et_pb_column type=&#8221;1_2&#8243; _builder_version=&#8221;4.14.7&#8243; _module_preset=&#8221;default&#8221; background_color=&#8221;#f2f2f2&#8243; custom_padding=&#8221;40px|40px|40px|40px|true|true&#8221; global_colors_info=&#8221;{}&#8221;][et_pb_text _builder_version=&#8221;4.14.7&#8243; _module_preset=&#8221;default&#8221; text_font=&#8221;Montserrat||||||||&#8221; text_text_color=&#8221;#141414&#8243; text_font_size=&#8221;20px&#8221; text_line_height=&#8221;40px&#8221; global_colors_info=&#8221;{}&#8221;]Integrating Diadem means:[\/et_pb_text][et_pb_blurb title=&#8221;Join a human resources consulting firm that supports executives and managers in all areas of management and personal development &#8221; url=&#8221;https:\/\/diadem-consulting.com\/wp-content\/uploads\/2022\/01\/QQD_-_Carroussel.pdf&#8221; use_icon=&#8221;on&#8221; font_icon=&#8221;&#x52;||divi||400&#8243; icon_color=&#8221;#fd5e1f&#8221; image_icon_background_color=&#8221;RGBA(255,255,255,0)&#8221; icon_placement=&#8221;left&#8221; image_icon_width=&#8221;20px&#8221; _builder_version=&#8221;4.14.7&#8243; _module_preset=&#8221;default&#8221; header_font=&#8221;Montserrat||||||||&#8221; header_text_color=&#8221;#141414&#8243; header_font_size=&#8221;13px&#8221; header_line_height=&#8221;26px&#8221; custom_margin=&#8221;||0px||false|false&#8221; custom_padding=&#8221;0px||||false|false&#8221; custom_padding_tablet=&#8221;|0px|||false|false&#8221; custom_padding_phone=&#8221;|0px|||false|false&#8221; custom_padding_last_edited=&#8221;on|tablet&#8221; link_option_url=&#8221;https:\/\/diadem-consulting.com\/wp-content\/uploads\/2022\/01\/QQD_-_Carroussel.pdf&#8221; locked=&#8221;off&#8221; global_colors_info=&#8221;{}&#8221;][\/et_pb_blurb][et_pb_blurb title=&#8221;Take part in an entrepreneurial adventure in a small, stimulating and warm structure &#8221; url=&#8221;https:\/\/diadem-consulting.com\/wp-content\/uploads\/2022\/01\/QQD_-_Carroussel.pdf&#8221; use_icon=&#8221;on&#8221; font_icon=&#8221;&#x52;||divi||400&#8243; icon_color=&#8221;#fd5e1f&#8221; image_icon_background_color=&#8221;RGBA(255,255,255,0)&#8221; icon_placement=&#8221;left&#8221; image_icon_width=&#8221;20px&#8221; _builder_version=&#8221;4.14.7&#8243; _module_preset=&#8221;default&#8221; header_font=&#8221;Montserrat||||||||&#8221; header_text_color=&#8221;#141414&#8243; header_font_size=&#8221;13px&#8221; header_line_height=&#8221;26px&#8221; custom_margin=&#8221;||0px||false|false&#8221; custom_padding=&#8221;0px||||false|false&#8221; custom_padding_tablet=&#8221;|0px|||false|false&#8221; custom_padding_phone=&#8221;|0px|||false|false&#8221; custom_padding_last_edited=&#8221;on|tablet&#8221; link_option_url=&#8221;https:\/\/diadem-consulting.com\/wp-content\/uploads\/2022\/01\/QQD_-_Carroussel.pdf&#8221; locked=&#8221;off&#8221; global_colors_info=&#8221;{}&#8221;][\/et_pb_blurb][et_pb_blurb title=&#8221;Discover an energetic, caring and close-knit team&#8221; url=&#8221;https:\/\/diadem-consulting.com\/wp-content\/uploads\/2022\/01\/QQD_-_Carroussel.pdf&#8221; use_icon=&#8221;on&#8221; font_icon=&#8221;&#x52;||divi||400&#8243; icon_color=&#8221;#fd5e1f&#8221; image_icon_background_color=&#8221;RGBA(255,255,255,0)&#8221; icon_placement=&#8221;left&#8221; image_icon_width=&#8221;20px&#8221; _builder_version=&#8221;4.14.7&#8243; _module_preset=&#8221;default&#8221; header_font=&#8221;Montserrat||||||||&#8221; header_text_color=&#8221;#141414&#8243; header_font_size=&#8221;13px&#8221; header_line_height=&#8221;26px&#8221; custom_margin=&#8221;||0px||false|false&#8221; custom_padding=&#8221;0px||||false|false&#8221; custom_padding_tablet=&#8221;|0px|||false|false&#8221; custom_padding_phone=&#8221;|0px|||false|false&#8221; custom_padding_last_edited=&#8221;on|tablet&#8221; link_option_url=&#8221;https:\/\/diadem-consulting.com\/wp-content\/uploads\/2022\/01\/QQD_-_Carroussel.pdf&#8221; locked=&#8221;off&#8221; global_colors_info=&#8221;{}&#8221;][\/et_pb_blurb][et_pb_text _builder_version=&#8221;4.14.7&#8243; _module_preset=&#8221;default&#8221; text_font=&#8221;Montserrat||||||||&#8221; text_text_color=&#8221;#141414&#8243; text_font_size=&#8221;20px&#8221; text_line_height=&#8221;40px&#8221; global_colors_info=&#8221;{}&#8221;]Your tasks:[\/et_pb_text][et_pb_blurb title=&#8221;Participate in the realization of coaching and training missions with our clients&#8221; url=&#8221;https:\/\/diadem-consulting.com\/wp-content\/uploads\/2022\/01\/QQD_-_Carroussel.pdf&#8221; use_icon=&#8221;on&#8221; font_icon=&#8221;&#x52;||divi||400&#8243; icon_color=&#8221;#fd5e1f&#8221; image_icon_background_color=&#8221;RGBA(255,255,255,0)&#8221; icon_placement=&#8221;left&#8221; image_icon_width=&#8221;20px&#8221; _builder_version=&#8221;4.14.7&#8243; _module_preset=&#8221;default&#8221; header_font=&#8221;Montserrat||||||||&#8221; header_text_color=&#8221;#141414&#8243; header_font_size=&#8221;13px&#8221; header_line_height=&#8221;26px&#8221; custom_margin=&#8221;||0px||false|false&#8221; custom_padding=&#8221;0px||||false|false&#8221; custom_padding_tablet=&#8221;|0px|||false|false&#8221; custom_padding_phone=&#8221;|0px|||false|false&#8221; custom_padding_last_edited=&#8221;on|tablet&#8221; link_option_url=&#8221;https:\/\/diadem-consulting.com\/wp-content\/uploads\/2022\/01\/QQD_-_Carroussel.pdf&#8221; locked=&#8221;off&#8221; global_colors_info=&#8221;{}&#8221;][\/et_pb_blurb][et_pb_blurb title=&#8221;Participate in pre-sales activities&#8221; url=&#8221;https:\/\/diadem-consulting.com\/wp-content\/uploads\/2022\/01\/QQD_-_Carroussel.pdf&#8221; use_icon=&#8221;on&#8221; font_icon=&#8221;&#x52;||divi||400&#8243; icon_color=&#8221;#fd5e1f&#8221; image_icon_background_color=&#8221;RGBA(255,255,255,0)&#8221; icon_placement=&#8221;left&#8221; image_icon_width=&#8221;20px&#8221; _builder_version=&#8221;4.14.7&#8243; _module_preset=&#8221;default&#8221; header_font=&#8221;Montserrat||||||||&#8221; header_text_color=&#8221;#141414&#8243; header_font_size=&#8221;13px&#8221; header_line_height=&#8221;26px&#8221; custom_margin=&#8221;||0px||false|false&#8221; custom_padding=&#8221;0px||||false|false&#8221; custom_padding_tablet=&#8221;|0px|||false|false&#8221; custom_padding_phone=&#8221;|0px|||false|false&#8221; custom_padding_last_edited=&#8221;on|tablet&#8221; link_option_url=&#8221;https:\/\/diadem-consulting.com\/wp-content\/uploads\/2022\/01\/QQD_-_Carroussel.pdf&#8221; locked=&#8221;off&#8221; global_colors_info=&#8221;{}&#8221;][\/et_pb_blurb][et_pb_blurb title=&#8221;Participate in work to strengthen the notoriety of the firm&#8221; url=&#8221;https:\/\/diadem-consulting.com\/wp-content\/uploads\/2022\/01\/QQD_-_Carroussel.pdf&#8221; use_icon=&#8221;on&#8221; font_icon=&#8221;&#x52;||divi||400&#8243; icon_color=&#8221;#fd5e1f&#8221; image_icon_background_color=&#8221;RGBA(255,255,255,0)&#8221; icon_placement=&#8221;left&#8221; image_icon_width=&#8221;20px&#8221; _builder_version=&#8221;4.14.7&#8243; _module_preset=&#8221;default&#8221; header_font=&#8221;Montserrat||||||||&#8221; header_text_color=&#8221;#141414&#8243; header_font_size=&#8221;13px&#8221; header_line_height=&#8221;26px&#8221; custom_margin=&#8221;||0px||false|false&#8221; custom_padding=&#8221;0px||||false|false&#8221; custom_padding_tablet=&#8221;|0px|||false|false&#8221; custom_padding_phone=&#8221;|0px|||false|false&#8221; custom_padding_last_edited=&#8221;on|tablet&#8221; link_option_url=&#8221;https:\/\/diadem-consulting.com\/wp-content\/uploads\/2022\/01\/QQD_-_Carroussel.pdf&#8221; locked=&#8221;off&#8221; global_colors_info=&#8221;{}&#8221;][\/et_pb_blurb][\/et_pb_column][et_pb_column type=&#8221;1_2&#8243; _builder_version=&#8221;4.14.7&#8243; _module_preset=&#8221;default&#8221; border_width_top=&#8221;4px&#8221; border_color_top=&#8221;#002066&#8243; global_colors_info=&#8221;{}&#8221;][et_pb_code _builder_version=&#8221;4.14.7&#8243; _module_preset=&#8221;default&#8221; custom_margin=&#8221;50px||||false|false&#8221; global_colors_info=&#8221;{}&#8221;][gravityform id=&#8221;1&#8243;][\/et_pb_code][\/et_pb_column][\/et_pb_row][\/et_pb_section]<\/p>\n","protected":false},"excerpt":{"rendered":"<p>JOIN USAs part of our development, we are looking for certified coaches and experienced trainers to strengthen our collective.Integrating Diadem means:Your tasks:[gravityform id=&#8221;1&#8243;]<\/p>\n","protected":false},"author":1,"featured_media":50883,"parent":0,"menu_order":0,"comment_status":"closed","ping_status":"closed","template":"","meta":{"_et_pb_use_builder":"on","_et_pb_old_content":"","_et_gb_content_width":"","inline_featured_image":false,"footnotes":""},"class_list":["post-51139","page","type-page","status-publish","has-post-thumbnail","hentry"],"yoast_head":"<!-- This site is optimized with the Yoast SEO Premium plugin v22.9 (Yoast SEO v27.5) - https:\/\/yoast.com\/product\/yoast-seo-premium-wordpress\/ -->\n<title>JOIN US - Diadem Consulting<\/title>\n<meta name=\"robots\" content=\"index, follow, max-snippet:-1, max-image-preview:large, max-video-preview:-1\" \/>\n<link rel=\"canonical\" href=\"https:\/\/diadem-consulting.com\/rejoignez-nous\/\" \/>\n<meta property=\"og:locale\" content=\"en_US\" \/>\n<meta property=\"og:type\" content=\"article\" \/>\n<meta property=\"og:title\" content=\"JOIN US\" \/>\n<meta property=\"og:description\" content=\"JOIN USAs part of our development, we are looking for certified coaches and experienced trainers to strengthen our collective.Integrating Diadem means:Your tasks:[gravityform id=&quot;1&quot;]\" \/>\n<meta property=\"og:url\" content=\"https:\/\/diadem-consulting.com\/rejoignez-nous\/\" \/>\n<meta property=\"og:site_name\" content=\"Diadem Consulting\" \/>\n<meta property=\"article:publisher\" content=\"https:\/\/www.facebook.com\/diademcoaching\/\" \/>\n<meta property=\"article:modified_time\" content=\"2022-06-14T11:27:45+00:00\" \/>\n<meta property=\"og:image\" content=\"https:\/\/diadem-consulting.com\/wp-content\/uploads\/2022\/01\/header-mbti.jpg\" \/>\n\t<meta property=\"og:image:width\" content=\"1600\" \/>\n\t<meta property=\"og:image:height\" content=\"1067\" \/>\n\t<meta property=\"og:image:type\" content=\"image\/jpeg\" \/>\n<meta name=\"twitter:card\" content=\"summary_large_image\" \/>\n<meta name=\"twitter:site\" content=\"@maxime_coignard\" \/>\n<meta name=\"twitter:label1\" content=\"Est. reading time\" \/>\n\t<meta name=\"twitter:data1\" content=\"6 minutes\" \/>\n<script type=\"application\/ld+json\" class=\"yoast-schema-graph\">{\"@context\":\"https:\\\/\\\/schema.org\",\"@graph\":[{\"@type\":\"WebPage\",\"@id\":\"https:\\\/\\\/diadem-consulting.com\\\/rejoignez-nous\\\/\",\"url\":\"https:\\\/\\\/diadem-consulting.com\\\/rejoignez-nous\\\/\",\"name\":\"JOIN US - Diadem Consulting\",\"isPartOf\":{\"@id\":\"https:\\\/\\\/diadem-consulting.com\\\/#website\"},\"primaryImageOfPage\":{\"@id\":\"https:\\\/\\\/diadem-consulting.com\\\/rejoignez-nous\\\/#primaryimage\"},\"image\":{\"@id\":\"https:\\\/\\\/diadem-consulting.com\\\/rejoignez-nous\\\/#primaryimage\"},\"thumbnailUrl\":\"https:\\\/\\\/diadem-consulting.com\\\/wp-content\\\/uploads\\\/2022\\\/01\\\/header-mbti.jpg\",\"datePublished\":\"2022-01-27T12:42:33+00:00\",\"dateModified\":\"2022-06-14T11:27:45+00:00\",\"breadcrumb\":{\"@id\":\"https:\\\/\\\/diadem-consulting.com\\\/rejoignez-nous\\\/#breadcrumb\"},\"inLanguage\":\"en-US\",\"potentialAction\":[{\"@type\":\"ReadAction\",\"target\":[\"https:\\\/\\\/diadem-consulting.com\\\/rejoignez-nous\\\/\"]}]},{\"@type\":\"ImageObject\",\"inLanguage\":\"en-US\",\"@id\":\"https:\\\/\\\/diadem-consulting.com\\\/rejoignez-nous\\\/#primaryimage\",\"url\":\"https:\\\/\\\/diadem-consulting.com\\\/wp-content\\\/uploads\\\/2022\\\/01\\\/header-mbti.jpg\",\"contentUrl\":\"https:\\\/\\\/diadem-consulting.com\\\/wp-content\\\/uploads\\\/2022\\\/01\\\/header-mbti.jpg\",\"width\":1600,\"height\":1067,\"caption\":\"coachs certifi\u00e9s et formateurs exp\u00e9riment\u00e9s diadem consulting\"},{\"@type\":\"BreadcrumbList\",\"@id\":\"https:\\\/\\\/diadem-consulting.com\\\/rejoignez-nous\\\/#breadcrumb\",\"itemListElement\":[{\"@type\":\"ListItem\",\"position\":1,\"name\":\"Accueil\",\"item\":\"https:\\\/\\\/diadem-consulting.com\\\/leader-du-coaching-de-dirigeants\\\/\"},{\"@type\":\"ListItem\",\"position\":2,\"name\":\"JOIN US\"}]},{\"@type\":\"WebSite\",\"@id\":\"https:\\\/\\\/diadem-consulting.com\\\/#website\",\"url\":\"https:\\\/\\\/diadem-consulting.com\\\/\",\"name\":\"Diadem Consulting\",\"description\":\"Executive and Leadership Coaching et Formations pour Dirigeants\",\"potentialAction\":[{\"@type\":\"SearchAction\",\"target\":{\"@type\":\"EntryPoint\",\"urlTemplate\":\"https:\\\/\\\/diadem-consulting.com\\\/?s={search_term_string}\"},\"query-input\":{\"@type\":\"PropertyValueSpecification\",\"valueRequired\":true,\"valueName\":\"search_term_string\"}}],\"inLanguage\":\"en-US\"}]}<\/script>\n<!-- \/ Yoast SEO Premium plugin. -->","yoast_head_json":{"title":"JOIN US - Diadem Consulting","robots":{"index":"index","follow":"follow","max-snippet":"max-snippet:-1","max-image-preview":"max-image-preview:large","max-video-preview":"max-video-preview:-1"},"canonical":"https:\/\/diadem-consulting.com\/rejoignez-nous\/","og_locale":"en_US","og_type":"article","og_title":"JOIN US","og_description":"JOIN USAs part of our development, we are looking for certified coaches and experienced trainers to strengthen our collective.Integrating Diadem means:Your tasks:[gravityform id=\"1\"]","og_url":"https:\/\/diadem-consulting.com\/rejoignez-nous\/","og_site_name":"Diadem Consulting","article_publisher":"https:\/\/www.facebook.com\/diademcoaching\/","article_modified_time":"2022-06-14T11:27:45+00:00","og_image":[{"width":1600,"height":1067,"url":"https:\/\/diadem-consulting.com\/wp-content\/uploads\/2022\/01\/header-mbti.jpg","type":"image\/jpeg"}],"twitter_card":"summary_large_image","twitter_site":"@maxime_coignard","twitter_misc":{"Est. reading time":"6 minutes"},"schema":{"@context":"https:\/\/schema.org","@graph":[{"@type":"WebPage","@id":"https:\/\/diadem-consulting.com\/rejoignez-nous\/","url":"https:\/\/diadem-consulting.com\/rejoignez-nous\/","name":"JOIN US - Diadem Consulting","isPartOf":{"@id":"https:\/\/diadem-consulting.com\/#website"},"primaryImageOfPage":{"@id":"https:\/\/diadem-consulting.com\/rejoignez-nous\/#primaryimage"},"image":{"@id":"https:\/\/diadem-consulting.com\/rejoignez-nous\/#primaryimage"},"thumbnailUrl":"https:\/\/diadem-consulting.com\/wp-content\/uploads\/2022\/01\/header-mbti.jpg","datePublished":"2022-01-27T12:42:33+00:00","dateModified":"2022-06-14T11:27:45+00:00","breadcrumb":{"@id":"https:\/\/diadem-consulting.com\/rejoignez-nous\/#breadcrumb"},"inLanguage":"en-US","potentialAction":[{"@type":"ReadAction","target":["https:\/\/diadem-consulting.com\/rejoignez-nous\/"]}]},{"@type":"ImageObject","inLanguage":"en-US","@id":"https:\/\/diadem-consulting.com\/rejoignez-nous\/#primaryimage","url":"https:\/\/diadem-consulting.com\/wp-content\/uploads\/2022\/01\/header-mbti.jpg","contentUrl":"https:\/\/diadem-consulting.com\/wp-content\/uploads\/2022\/01\/header-mbti.jpg","width":1600,"height":1067,"caption":"coachs certifi\u00e9s et formateurs exp\u00e9riment\u00e9s diadem consulting"},{"@type":"BreadcrumbList","@id":"https:\/\/diadem-consulting.com\/rejoignez-nous\/#breadcrumb","itemListElement":[{"@type":"ListItem","position":1,"name":"Accueil","item":"https:\/\/diadem-consulting.com\/leader-du-coaching-de-dirigeants\/"},{"@type":"ListItem","position":2,"name":"JOIN US"}]},{"@type":"WebSite","@id":"https:\/\/diadem-consulting.com\/#website","url":"https:\/\/diadem-consulting.com\/","name":"Diadem Consulting","description":"Executive and Leadership Coaching et Formations pour Dirigeants","potentialAction":[{"@type":"SearchAction","target":{"@type":"EntryPoint","urlTemplate":"https:\/\/diadem-consulting.com\/?s={search_term_string}"},"query-input":{"@type":"PropertyValueSpecification","valueRequired":true,"valueName":"search_term_string"}}],"inLanguage":"en-US"}]}},"_links":{"self":[{"href":"https:\/\/diadem-consulting.com\/en\/wp-json\/wp\/v2\/pages\/51139","targetHints":{"allow":["GET"]}}],"collection":[{"href":"https:\/\/diadem-consulting.com\/en\/wp-json\/wp\/v2\/pages"}],"about":[{"href":"https:\/\/diadem-consulting.com\/en\/wp-json\/wp\/v2\/types\/page"}],"author":[{"embeddable":true,"href":"https:\/\/diadem-consulting.com\/en\/wp-json\/wp\/v2\/users\/1"}],"replies":[{"embeddable":true,"href":"https:\/\/diadem-consulting.com\/en\/wp-json\/wp\/v2\/comments?post=51139"}],"version-history":[{"count":0,"href":"https:\/\/diadem-consulting.com\/en\/wp-json\/wp\/v2\/pages\/51139\/revisions"}],"wp:featuredmedia":[{"embeddable":true,"href":"https:\/\/diadem-consulting.com\/en\/wp-json\/wp\/v2\/media\/50883"}],"wp:attachment":[{"href":"https:\/\/diadem-consulting.com\/en\/wp-json\/wp\/v2\/media?parent=51139"}],"curies":[{"name":"wp","href":"https:\/\/api.w.org\/{rel}","templated":true}]}}